{"id":10,"date":"2026-03-30T21:22:22","date_gmt":"2026-03-30T21:22:22","guid":{"rendered":"https:\/\/pom-pot.be\/?page_id=10"},"modified":"2026-03-30T21:22:22","modified_gmt":"2026-03-30T21:22:22","slug":"a-propos-de-pom-pot","status":"publish","type":"page","link":"https:\/\/pom-pot.be\/","title":{"rendered":"A Propos de pom-Pot"},"content":{"rendered":"\n<h2 class=\"wp-block-heading\">Pom-Pot : La r\u00e9silience europ\u00e9enne face aux inondations<\/h2>\n\n\n\n<p>Notre Histoire\u00a0N\u00e9 des cendres des inondations de 2021 \u00e0 Verviers, Pom-Pot est plus qu&rsquo;un projet, c&rsquo;est une r\u00e9ponse concr\u00e8te \u00e0 un traumatisme collectif. Apr\u00e8s avoir tout perdu, l&rsquo;id\u00e9e s&rsquo;est impos\u00e9e : nous devons mieux nous pr\u00e9parer, mieux partager nos exp\u00e9riences et construire ensemble notre s\u00e9curit\u00e9.<\/p>\n\n\n\n<p>Notre Mission\u00a0Pom-Pot a pour objectif de cr\u00e9er une biblioth\u00e8que europ\u00e9enne de proc\u00e9dures valid\u00e9es contre les inondations. Nous r\u00e9unissons citoyens, experts (ing\u00e9nieurs, assureurs) et institutions pour co-construire des solutions r\u00e9elles, test\u00e9es et approuv\u00e9es.<\/p>\n\n\n\n<p>Notre Engagement : Souverainet\u00e9 &amp; Ind\u00e9pendance\u00a0Parce que nos donn\u00e9es de vuln\u00e9rabilit\u00e9 sont sensibles, nous avons fait le choix strat\u00e9gique de n&rsquo;utiliser que des outils europ\u00e9ens. Nos serveurs, nos donn\u00e9es et notre intelligence collective restent en Europe, prot\u00e9g\u00e9s par le RGPD et ind\u00e9pendants de tout int\u00e9r\u00eat extracommunautaire.<\/p>\n\n\n\n<p>La Mascotte\u00a0Derri\u00e8re le logo souriant se cache une volute de pompe centrifuge. Symbole de la ma\u00eetrise de l&rsquo;\u00e9nergie de l&rsquo;eau, elle repr\u00e9sente notre volont\u00e9 de transformer la force brute des crues en une \u00e9nergie collective ma\u00eetris\u00e9e.<\/p>\n\n\n\n<p>Rejoignez le mouvement\u00a0Ce projet se construit avec vous. Suivez notre journal de bord, partagez vos t\u00e9moignages et participons \u00e0 la r\u00e9silience de demain.<\/p>\n\n\n\n<p><\/p>\n","protected":false},"excerpt":{"rendered":"<p>Pom-Pot : La r\u00e9silience europ\u00e9enne face aux inondations Notre Histoire\u00a0N\u00e9 des cendres des inondations de 2021 \u00e0 Verviers, Pom-Pot est plus qu&rsquo;un projet, c&rsquo;est une r\u00e9ponse concr\u00e8te \u00e0 un traumatisme collectif. Apr\u00e8s avoir tout perdu, l&rsquo;id\u00e9e s&rsquo;est impos\u00e9e : nous devons mieux nous pr\u00e9parer, mieux partager nos exp\u00e9riences et construire ensemble notre s\u00e9curit\u00e9. Notre Mission\u00a0Pom-Pot&#8230;<\/p>\n","protected":false},"author":2,"featured_media":0,"parent":0,"menu_order":0,"comment_status":"closed","ping_status":"closed","template":"","meta":{"_kad_post_transparent":"","_kad_post_title":"","_kad_post_layout":"","_kad_post_sidebar_id":"","_kad_post_content_style":"","_kad_post_vertical_padding":"","_kad_post_feature":"","_kad_post_feature_position":"","_kad_post_header":false,"_kad_post_footer":false,"_kad_post_classname":"","footnotes":""},"class_list":["post-10","page","type-page","status-publish","hentry"],"_links":{"self":[{"href":"https:\/\/pom-pot.be\/index.php?rest_route=\/wp\/v2\/pages\/10","targetHints":{"allow":["GET"]}}],"collection":[{"href":"https:\/\/pom-pot.be\/index.php?rest_route=\/wp\/v2\/pages"}],"about":[{"href":"https:\/\/pom-pot.be\/index.php?rest_route=\/wp\/v2\/types\/page"}],"author":[{"embeddable":true,"href":"https:\/\/pom-pot.be\/index.php?rest_route=\/wp\/v2\/users\/2"}],"replies":[{"embeddable":true,"href":"https:\/\/pom-pot.be\/index.php?rest_route=%2Fwp%2Fv2%2Fcomments&post=10"}],"version-history":[{"count":1,"href":"https:\/\/pom-pot.be\/index.php?rest_route=\/wp\/v2\/pages\/10\/revisions"}],"predecessor-version":[{"id":11,"href":"https:\/\/pom-pot.be\/index.php?rest_route=\/wp\/v2\/pages\/10\/revisions\/11"}],"wp:attachment":[{"href":"https:\/\/pom-pot.be\/index.php?rest_route=%2Fwp%2Fv2%2Fmedia&parent=10"}],"curies":[{"name":"wp","href":"https:\/\/api.w.org\/{rel}","templated":true}]}}